{"id":1972,"date":"2021-08-04T09:17:26","date_gmt":"2021-08-04T09:17:26","guid":{"rendered":"http:\/\/consulmar.moskout-scientific.com\/wp\/?page_id=1972"},"modified":"2021-08-05T10:12:54","modified_gmt":"2021-08-05T10:12:54","slug":"gestao-e-fiscalizacao-de-empreendimentos-3","status":"publish","type":"page","link":"https:\/\/consulmar.moskout-scientific.com\/wp\/gestao-e-fiscalizacao-de-empreendimentos-3\/","title":{"rendered":"Gest\u00e3o e Fiscaliza\u00e7\u00e3o de Empreendimentos"},"content":{"rendered":"<form role=\"search\" method=\"get\" action=\"https:\/\/consulmar.moskout-scientific.com\/wp\/\" class=\"wp-block-search__button-outside wp-block-search__text-button montserrat wp-block-search\"    ><label class=\"wp-block-search__label screen-reader-text\" for=\"wp-block-search__input-1\" >Pesquisar<\/label><div class=\"wp-block-search__inside-wrapper \" ><input class=\"wp-block-search__input\" id=\"wp-block-search__input-1\" placeholder=\"\" value=\"\" type=\"search\" name=\"s\" required \/><button aria-label=\"Pesquisar\" class=\"wp-block-search__button wp-element-button\" type=\"submit\" >Pesquisar<\/button><\/div><\/form>\n\n\n<h5 class=\"montserrat wp-block-heading\"> A CONSULMAR participou nos seguintes projectos: <\/h5>\n\n\n\n<ul class=\"montserrat\"><li>Convento do Espinheiro Hotel &amp; Spa<\/li><li>Marina de Tr\u00f3ia<\/li><li>Expans\u00e3o e Moderniza\u00e7\u00e3o dos Portos de Vale de Cavaleiros e Furna, Cabo Verde<\/li><li>Nova Ponte de Tete, Mo\u00e7ambique<\/li><li>Reabilita\u00e7\u00e3o de Estradas na Prov\u00edncia de Cabo Delgado, Mo\u00e7ambique<\/li><li>Hotel Jasmim Resort &amp; Sea Spa, Cabo Verde<\/li><li>Sistema de Controlo de Tr\u00e1fego Mar\u00edtimo (VTS)<\/li><li>Muros dos Canais da Cidade de Aveiro<\/li><li>Escola B\u00e1sica 1, 2, 3 da Charneca da Caparica<\/li><li>Parque Urbano do Jamor<\/li><\/ul>\n","protected":false},"excerpt":{"rendered":"<p>A CONSULMAR participou nos seguintes projectos: Convento do Espinheiro Hotel &amp; Spa Marina de Tr\u00f3ia Expans\u00e3o e Moderniza\u00e7\u00e3o dos Portos de Vale de Cavaleiros e Furna, Cabo Verde Nova Ponte de Tete, Mo\u00e7ambique Reabilita\u00e7\u00e3o de Estradas na Prov\u00edncia de Cabo Delgado, Mo\u00e7ambique Hotel Jasmim Resort &amp; Sea Spa, Cabo Verde Sistema de Controlo de Tr\u00e1fego [&hellip;]<\/p>\n","protected":false},"author":1,"featured_media":439,"parent":0,"menu_order":0,"comment_status":"closed","ping_status":"closed","template":"page-templates\/no-sidebar.php","meta":{"_uag_custom_page_level_css":"","_monsterinsights_skip_tracking":false,"_monsterinsights_sitenote_active":false,"_monsterinsights_sitenote_note":"","_monsterinsights_sitenote_category":0,"footnotes":""},"featured_image_urls":{"full":["https:\/\/consulmar.moskout-scientific.com\/wp\/wp-content\/uploads\/2021\/01\/pexels-lex-photography-1109541-filtro-scaled.jpg",2560,1707,false],"thumbnail":["https:\/\/consulmar.moskout-scientific.com\/wp\/wp-content\/uploads\/2021\/01\/pexels-lex-photography-1109541-filtro-150x150.jpg",150,150,true],"medium":["https:\/\/consulmar.moskout-scientific.com\/wp\/wp-content\/uploads\/2021\/01\/pexels-lex-photography-1109541-filtro-300x200.jpg",300,200,true],"medium_large":["https:\/\/consulmar.moskout-scientific.com\/wp\/wp-content\/uploads\/2021\/01\/pexels-lex-photography-1109541-filtro-768x512.jpg",640,427,true],"large":["https:\/\/consulmar.moskout-scientific.com\/wp\/wp-content\/uploads\/2021\/01\/pexels-lex-photography-1109541-filtro-1024x683.jpg",640,427,true],"1536x1536":["https:\/\/consulmar.moskout-scientific.com\/wp\/wp-content\/uploads\/2021\/01\/pexels-lex-photography-1109541-filtro-1536x1024.jpg",1536,1024,true],"2048x2048":["https:\/\/consulmar.moskout-scientific.com\/wp\/wp-content\/uploads\/2021\/01\/pexels-lex-photography-1109541-filtro-2048x1365.jpg",2048,1365,true],"illdy-blog-list":["https:\/\/consulmar.moskout-scientific.com\/wp\/wp-content\/uploads\/2021\/01\/pexels-lex-photography-1109541-filtro-750x500.jpg",750,500,true],"illdy-widget-recent-posts":["https:\/\/consulmar.moskout-scientific.com\/wp\/wp-content\/uploads\/2021\/01\/pexels-lex-photography-1109541-filtro-70x70.jpg",70,70,true],"illdy-blog-post-related-articles":["https:\/\/consulmar.moskout-scientific.com\/wp\/wp-content\/uploads\/2021\/01\/pexels-lex-photography-1109541-filtro-240x206.jpg",240,206,true],"illdy-front-page-latest-news":["https:\/\/consulmar.moskout-scientific.com\/wp\/wp-content\/uploads\/2021\/01\/pexels-lex-photography-1109541-filtro-250x213.jpg",250,213,true],"illdy-front-page-testimonials":["https:\/\/consulmar.moskout-scientific.com\/wp\/wp-content\/uploads\/2021\/01\/pexels-lex-photography-1109541-filtro-127x127.jpg",127,127,true],"illdy-front-page-projects":["https:\/\/consulmar.moskout-scientific.com\/wp\/wp-content\/uploads\/2021\/01\/pexels-lex-photography-1109541-filtro-476x476.jpg",476,476,true],"illdy-front-page-person":["https:\/\/consulmar.moskout-scientific.com\/wp\/wp-content\/uploads\/2021\/01\/pexels-lex-photography-1109541-filtro-125x125.jpg",125,125,true],"form-edit-image-preview":["https:\/\/consulmar.moskout-scientific.com\/wp\/wp-content\/uploads\/2021\/01\/pexels-lex-photography-1109541-filtro-174x116.jpg",174,116,true]},"post_excerpt_stackable":"<p>PesquisarPesquisar A CONSULMAR participou nos seguintes projectos: Convento do Espinheiro Hotel &amp; SpaMarina de Tr\u00f3iaExpans\u00e3o e Moderniza\u00e7\u00e3o dos Portos de Vale de Cavaleiros e Furna, Cabo VerdeNova Ponte de Tete, Mo\u00e7ambiqueReabilita\u00e7\u00e3o de Estradas na Prov\u00edncia de Cabo Delgado, Mo\u00e7ambiqueHotel Jasmim Resort &amp; Sea Spa, Cabo VerdeSistema de Controlo de Tr\u00e1fego Mar\u00edtimo (VTS)Muros dos Canais da Cidade de AveiroEscola B\u00e1sica 1, 2, 3 da Charneca da CaparicaParque Urbano do Jamor<\/p>\n","category_list":"","author_info":{"name":"adm-consulmar-1","url":"https:\/\/consulmar.moskout-scientific.com\/wp\/author\/adm-consulmar-1\/"},"comments_num":"0 comments","featured_image_urls_v2":{"full":["https:\/\/consulmar.moskout-scientific.com\/wp\/wp-content\/uploads\/2021\/01\/pexels-lex-photography-1109541-filtro-scaled.jpg",2560,1707,false],"thumbnail":["https:\/\/consulmar.moskout-scientific.com\/wp\/wp-content\/uploads\/2021\/01\/pexels-lex-photography-1109541-filtro-150x150.jpg",150,150,true],"medium":["https:\/\/consulmar.moskout-scientific.com\/wp\/wp-content\/uploads\/2021\/01\/pexels-lex-photography-1109541-filtro-300x200.jpg",300,200,true],"medium_large":["https:\/\/consulmar.moskout-scientific.com\/wp\/wp-content\/uploads\/2021\/01\/pexels-lex-photography-1109541-filtro-768x512.jpg",640,427,true],"large":["https:\/\/consulmar.moskout-scientific.com\/wp\/wp-content\/uploads\/2021\/01\/pexels-lex-photography-1109541-filtro-1024x683.jpg",640,427,true],"1536x1536":["https:\/\/consulmar.moskout-scientific.com\/wp\/wp-content\/uploads\/2021\/01\/pexels-lex-photography-1109541-filtro-1536x1024.jpg",1536,1024,true],"2048x2048":["https:\/\/consulmar.moskout-scientific.com\/wp\/wp-content\/uploads\/2021\/01\/pexels-lex-photography-1109541-filtro-2048x1365.jpg",2048,1365,true],"illdy-blog-list":["https:\/\/consulmar.moskout-scientific.com\/wp\/wp-content\/uploads\/2021\/01\/pexels-lex-photography-1109541-filtro-750x500.jpg",750,500,true],"illdy-widget-recent-posts":["https:\/\/consulmar.moskout-scientific.com\/wp\/wp-content\/uploads\/2021\/01\/pexels-lex-photography-1109541-filtro-70x70.jpg",70,70,true],"illdy-blog-post-related-articles":["https:\/\/consulmar.moskout-scientific.com\/wp\/wp-content\/uploads\/2021\/01\/pexels-lex-photography-1109541-filtro-240x206.jpg",240,206,true],"illdy-front-page-latest-news":["https:\/\/consulmar.moskout-scientific.com\/wp\/wp-content\/uploads\/2021\/01\/pexels-lex-photography-1109541-filtro-250x213.jpg",250,213,true],"illdy-front-page-testimonials":["https:\/\/consulmar.moskout-scientific.com\/wp\/wp-content\/uploads\/2021\/01\/pexels-lex-photography-1109541-filtro-127x127.jpg",127,127,true],"illdy-front-page-projects":["https:\/\/consulmar.moskout-scientific.com\/wp\/wp-content\/uploads\/2021\/01\/pexels-lex-photography-1109541-filtro-476x476.jpg",476,476,true],"illdy-front-page-person":["https:\/\/consulmar.moskout-scientific.com\/wp\/wp-content\/uploads\/2021\/01\/pexels-lex-photography-1109541-filtro-125x125.jpg",125,125,true],"form-edit-image-preview":["https:\/\/consulmar.moskout-scientific.com\/wp\/wp-content\/uploads\/2021\/01\/pexels-lex-photography-1109541-filtro-174x116.jpg",174,116,true]},"post_excerpt_stackable_v2":"<p>PesquisarPesquisar A CONSULMAR participou nos seguintes projectos: Convento do Espinheiro Hotel &amp; SpaMarina de Tr\u00f3iaExpans\u00e3o e Moderniza\u00e7\u00e3o dos Portos de Vale de Cavaleiros e Furna, Cabo VerdeNova Ponte de Tete, Mo\u00e7ambiqueReabilita\u00e7\u00e3o de Estradas na Prov\u00edncia de Cabo Delgado, Mo\u00e7ambiqueHotel Jasmim Resort &amp; Sea Spa, Cabo VerdeSistema de Controlo de Tr\u00e1fego Mar\u00edtimo (VTS)Muros dos Canais da Cidade de AveiroEscola B\u00e1sica 1, 2, 3 da Charneca da CaparicaParque Urbano do Jamor<\/p>\n","category_list_v2":"","author_info_v2":{"name":"adm-consulmar-1","url":"https:\/\/consulmar.moskout-scientific.com\/wp\/author\/adm-consulmar-1\/"},"comments_num_v2":"0 comments","uagb_featured_image_src":{"full":["https:\/\/consulmar.moskout-scientific.com\/wp\/wp-content\/uploads\/2021\/01\/pexels-lex-photography-1109541-filtro-scaled.jpg",2560,1707,false],"thumbnail":["https:\/\/consulmar.moskout-scientific.com\/wp\/wp-content\/uploads\/2021\/01\/pexels-lex-photography-1109541-filtro-150x150.jpg",150,150,true],"medium":["https:\/\/consulmar.moskout-scientific.com\/wp\/wp-content\/uploads\/2021\/01\/pexels-lex-photography-1109541-filtro-300x200.jpg",300,200,true],"medium_large":["https:\/\/consulmar.moskout-scientific.com\/wp\/wp-content\/uploads\/2021\/01\/pexels-lex-photography-1109541-filtro-768x512.jpg",640,427,true],"large":["https:\/\/consulmar.moskout-scientific.com\/wp\/wp-content\/uploads\/2021\/01\/pexels-lex-photography-1109541-filtro-1024x683.jpg",640,427,true],"1536x1536":["https:\/\/consulmar.moskout-scientific.com\/wp\/wp-content\/uploads\/2021\/01\/pexels-lex-photography-1109541-filtro-1536x1024.jpg",1536,1024,true],"2048x2048":["https:\/\/consulmar.moskout-scientific.com\/wp\/wp-content\/uploads\/2021\/01\/pexels-lex-photography-1109541-filtro-2048x1365.jpg",2048,1365,true],"illdy-blog-list":["https:\/\/consulmar.moskout-scientific.com\/wp\/wp-content\/uploads\/2021\/01\/pexels-lex-photography-1109541-filtro-750x500.jpg",750,500,true],"illdy-widget-recent-posts":["https:\/\/consulmar.moskout-scientific.com\/wp\/wp-content\/uploads\/2021\/01\/pexels-lex-photography-1109541-filtro-70x70.jpg",70,70,true],"illdy-blog-post-related-articles":["https:\/\/consulmar.moskout-scientific.com\/wp\/wp-content\/uploads\/2021\/01\/pexels-lex-photography-1109541-filtro-240x206.jpg",240,206,true],"illdy-front-page-latest-news":["https:\/\/consulmar.moskout-scientific.com\/wp\/wp-content\/uploads\/2021\/01\/pexels-lex-photography-1109541-filtro-250x213.jpg",250,213,true],"illdy-front-page-testimonials":["https:\/\/consulmar.moskout-scientific.com\/wp\/wp-content\/uploads\/2021\/01\/pexels-lex-photography-1109541-filtro-127x127.jpg",127,127,true],"illdy-front-page-projects":["https:\/\/consulmar.moskout-scientific.com\/wp\/wp-content\/uploads\/2021\/01\/pexels-lex-photography-1109541-filtro-476x476.jpg",476,476,true],"illdy-front-page-person":["https:\/\/consulmar.moskout-scientific.com\/wp\/wp-content\/uploads\/2021\/01\/pexels-lex-photography-1109541-filtro-125x125.jpg",125,125,true],"form-edit-image-preview":["https:\/\/consulmar.moskout-scientific.com\/wp\/wp-content\/uploads\/2021\/01\/pexels-lex-photography-1109541-filtro-174x116.jpg",174,116,true]},"uagb_author_info":{"display_name":"adm-consulmar-1","author_link":"https:\/\/consulmar.moskout-scientific.com\/wp\/author\/adm-consulmar-1\/"},"uagb_comment_info":0,"uagb_excerpt":"A CONSULMAR participou nos seguintes projectos: Convento do Espinheiro Hotel &amp; Spa Marina de Tr\u00f3ia Expans\u00e3o e Moderniza\u00e7\u00e3o dos Portos de Vale de Cavaleiros e Furna, Cabo Verde Nova Ponte de Tete, Mo\u00e7ambique Reabilita\u00e7\u00e3o de Estradas na Prov\u00edncia de Cabo Delgado, Mo\u00e7ambique Hotel Jasmim Resort &amp; Sea Spa, Cabo Verde Sistema de Controlo de Tr\u00e1fego&hellip;","_links":{"self":[{"href":"https:\/\/consulmar.moskout-scientific.com\/wp\/wp-json\/wp\/v2\/pages\/1972"}],"collection":[{"href":"https:\/\/consulmar.moskout-scientific.com\/wp\/wp-json\/wp\/v2\/pages"}],"about":[{"href":"https:\/\/consulmar.moskout-scientific.com\/wp\/wp-json\/wp\/v2\/types\/page"}],"author":[{"embeddable":true,"href":"https:\/\/consulmar.moskout-scientific.com\/wp\/wp-json\/wp\/v2\/users\/1"}],"replies":[{"embeddable":true,"href":"https:\/\/consulmar.moskout-scientific.com\/wp\/wp-json\/wp\/v2\/comments?post=1972"}],"version-history":[{"count":6,"href":"https:\/\/consulmar.moskout-scientific.com\/wp\/wp-json\/wp\/v2\/pages\/1972\/revisions"}],"predecessor-version":[{"id":2090,"href":"https:\/\/consulmar.moskout-scientific.com\/wp\/wp-json\/wp\/v2\/pages\/1972\/revisions\/2090"}],"wp:featuredmedia":[{"embeddable":true,"href":"https:\/\/consulmar.moskout-scientific.com\/wp\/wp-json\/wp\/v2\/media\/439"}],"wp:attachment":[{"href":"https:\/\/consulmar.moskout-scientific.com\/wp\/wp-json\/wp\/v2\/media?parent=1972"}],"curies":[{"name":"wp","href":"https:\/\/api.w.org\/{rel}","templated":true}]}}