{"id":1942,"date":"2021-07-27T15:05:23","date_gmt":"2021-07-27T15:05:23","guid":{"rendered":"http:\/\/consulmar.moskout-scientific.com\/wp\/?page_id=1942"},"modified":"2021-08-05T10:02:05","modified_gmt":"2021-08-05T10:02:05","slug":"gestao-e-fiscalizacao-de-empreendimentos-2","status":"publish","type":"page","link":"https:\/\/consulmar.moskout-scientific.com\/wp\/gestao-e-fiscalizacao-de-empreendimentos-2\/","title":{"rendered":"Gest\u00e3o e Fiscaliza\u00e7\u00e3o de Empreendimentos"},"content":{"rendered":"<form role=\"search\" method=\"get\" action=\"https:\/\/consulmar.moskout-scientific.com\/wp\/\" class=\"wp-block-search__button-outside wp-block-search__text-button montserrat wp-block-search\"    ><label class=\"wp-block-search__label screen-reader-text\" for=\"wp-block-search__input-1\" >Pesquisar<\/label><div class=\"wp-block-search__inside-wrapper \" ><input class=\"wp-block-search__input\" id=\"wp-block-search__input-1\" placeholder=\"\" value=\"\" type=\"search\" name=\"s\" required \/><button aria-label=\"Pesquisar\" class=\"wp-block-search__button wp-element-button\" type=\"submit\" >Pesquisar<\/button><\/div><\/form>\n\n\n<div style=\"height:30px\" aria-hidden=\"true\" class=\"wp-block-spacer\"><\/div>\n\n\n\n<p class=\"montserrat\">A CONSULMAR presta servi\u00e7os de controlo e fiscaliza\u00e7\u00e3o de empreitadas, e gest\u00e3o de empreendimentos, para Projectos que n\u00e3o se restringem aos sectores onde desenvolve a sua actividade de consultoria.<\/p>\n\n\n\n<p class=\"montserrat\">Para al\u00e9m de Portugal, incluindo as regi\u00f5es aut\u00f3nomas, a empresa tem capacidades permanentes instaladas para prestar estes servi\u00e7os em Angola, Mo\u00e7ambique e S. Tom\u00e9 e Pr\u00edncipe, podendo actuar ainda noutros mercados.<\/p>\n\n\n\n<p class=\"montserrat\">A certifica\u00e7\u00e3o pela norma NP EN ISO 9001:2008 (actualmente NP EN ISO 9001:2015), que inclui, entre outras, as actividades de Fiscaliza\u00e7\u00e3o e Gest\u00e3o da Qualidade de Empreitadas e Coordena\u00e7\u00e3o de Seguran\u00e7a em Obra, bem como a qualifica\u00e7\u00e3o, desde 1992, pelo Laborat\u00f3rio Nacional de Engenharia Civil (LNEC), como \u201cGestor Geral da Qualidade de Empreendimentos da Constru\u00e7\u00e3o\u201d, na classe mais elevada das tr\u00eas categorias existentes, constituem garantia de compet\u00eancia e rigor no acompanhamento e controlo da qualidade, de custos e administrativo, na implementa\u00e7\u00e3o dos Empreendimentos, assegurando a satisfa\u00e7\u00e3o total dos objectivos do Cliente.<\/p>\n","protected":false},"excerpt":{"rendered":"<p>A CONSULMAR presta servi\u00e7os de controlo e fiscaliza\u00e7\u00e3o de empreitadas, e gest\u00e3o de empreendimentos, para Projectos que n\u00e3o se restringem aos sectores onde desenvolve a sua actividade de consultoria. Para al\u00e9m de Portugal, incluindo as regi\u00f5es aut\u00f3nomas, a empresa tem capacidades permanentes instaladas para prestar estes servi\u00e7os em Angola, Mo\u00e7ambique e S. Tom\u00e9 e Pr\u00edncipe, [&hellip;]<\/p>\n","protected":false},"author":1,"featured_media":439,"parent":0,"menu_order":0,"comment_status":"closed","ping_status":"closed","template":"page-templates\/no-sidebar.php","meta":{"_uag_custom_page_level_css":"","_monsterinsights_skip_tracking":false,"_monsterinsights_sitenote_active":false,"_monsterinsights_sitenote_note":"","_monsterinsights_sitenote_category":0,"footnotes":""},"featured_image_urls":{"full":["https:\/\/consulmar.moskout-scientific.com\/wp\/wp-content\/uploads\/2021\/01\/pexels-lex-photography-1109541-filtro-scaled.jpg",2560,1707,false],"thumbnail":["https:\/\/consulmar.moskout-scientific.com\/wp\/wp-content\/uploads\/2021\/01\/pexels-lex-photography-1109541-filtro-150x150.jpg",150,150,true],"medium":["https:\/\/consulmar.moskout-scientific.com\/wp\/wp-content\/uploads\/2021\/01\/pexels-lex-photography-1109541-filtro-300x200.jpg",300,200,true],"medium_large":["https:\/\/consulmar.moskout-scientific.com\/wp\/wp-content\/uploads\/2021\/01\/pexels-lex-photography-1109541-filtro-768x512.jpg",640,427,true],"large":["https:\/\/consulmar.moskout-scientific.com\/wp\/wp-content\/uploads\/2021\/01\/pexels-lex-photography-1109541-filtro-1024x683.jpg",640,427,true],"1536x1536":["https:\/\/consulmar.moskout-scientific.com\/wp\/wp-content\/uploads\/2021\/01\/pexels-lex-photography-1109541-filtro-1536x1024.jpg",1536,1024,true],"2048x2048":["https:\/\/consulmar.moskout-scientific.com\/wp\/wp-content\/uploads\/2021\/01\/pexels-lex-photography-1109541-filtro-2048x1365.jpg",2048,1365,true],"illdy-blog-list":["https:\/\/consulmar.moskout-scientific.com\/wp\/wp-content\/uploads\/2021\/01\/pexels-lex-photography-1109541-filtro-750x500.jpg",750,500,true],"illdy-widget-recent-posts":["https:\/\/consulmar.moskout-scientific.com\/wp\/wp-content\/uploads\/2021\/01\/pexels-lex-photography-1109541-filtro-70x70.jpg",70,70,true],"illdy-blog-post-related-articles":["https:\/\/consulmar.moskout-scientific.com\/wp\/wp-content\/uploads\/2021\/01\/pexels-lex-photography-1109541-filtro-240x206.jpg",240,206,true],"illdy-front-page-latest-news":["https:\/\/consulmar.moskout-scientific.com\/wp\/wp-content\/uploads\/2021\/01\/pexels-lex-photography-1109541-filtro-250x213.jpg",250,213,true],"illdy-front-page-testimonials":["https:\/\/consulmar.moskout-scientific.com\/wp\/wp-content\/uploads\/2021\/01\/pexels-lex-photography-1109541-filtro-127x127.jpg",127,127,true],"illdy-front-page-projects":["https:\/\/consulmar.moskout-scientific.com\/wp\/wp-content\/uploads\/2021\/01\/pexels-lex-photography-1109541-filtro-476x476.jpg",476,476,true],"illdy-front-page-person":["https:\/\/consulmar.moskout-scientific.com\/wp\/wp-content\/uploads\/2021\/01\/pexels-lex-photography-1109541-filtro-125x125.jpg",125,125,true],"form-edit-image-preview":["https:\/\/consulmar.moskout-scientific.com\/wp\/wp-content\/uploads\/2021\/01\/pexels-lex-photography-1109541-filtro-174x116.jpg",174,116,true]},"post_excerpt_stackable":"<p>PesquisarPesquisar A CONSULMAR presta servi\u00e7os de controlo e fiscaliza\u00e7\u00e3o de empreitadas, e gest\u00e3o de empreendimentos, para Projectos que n\u00e3o se restringem aos sectores onde desenvolve a sua actividade de consultoria. Para al\u00e9m de Portugal, incluindo as regi\u00f5es aut\u00f3nomas, a empresa tem capacidades permanentes instaladas para prestar estes servi\u00e7os em Angola, Mo\u00e7ambique e S. Tom\u00e9 e Pr\u00edncipe, podendo actuar ainda noutros mercados. A certifica\u00e7\u00e3o pela norma NP EN ISO 9001:2008 (actualmente NP EN ISO 9001:2015), que inclui, entre outras, as actividades de Fiscaliza\u00e7\u00e3o e Gest\u00e3o da Qualidade de Empreitadas e Coordena\u00e7\u00e3o de Seguran\u00e7a em Obra, bem como a qualifica\u00e7\u00e3o, desde 1992,&hellip;<\/p>\n","category_list":"","author_info":{"name":"adm-consulmar-1","url":"https:\/\/consulmar.moskout-scientific.com\/wp\/author\/adm-consulmar-1\/"},"comments_num":"0 comments","featured_image_urls_v2":{"full":["https:\/\/consulmar.moskout-scientific.com\/wp\/wp-content\/uploads\/2021\/01\/pexels-lex-photography-1109541-filtro-scaled.jpg",2560,1707,false],"thumbnail":["https:\/\/consulmar.moskout-scientific.com\/wp\/wp-content\/uploads\/2021\/01\/pexels-lex-photography-1109541-filtro-150x150.jpg",150,150,true],"medium":["https:\/\/consulmar.moskout-scientific.com\/wp\/wp-content\/uploads\/2021\/01\/pexels-lex-photography-1109541-filtro-300x200.jpg",300,200,true],"medium_large":["https:\/\/consulmar.moskout-scientific.com\/wp\/wp-content\/uploads\/2021\/01\/pexels-lex-photography-1109541-filtro-768x512.jpg",640,427,true],"large":["https:\/\/consulmar.moskout-scientific.com\/wp\/wp-content\/uploads\/2021\/01\/pexels-lex-photography-1109541-filtro-1024x683.jpg",640,427,true],"1536x1536":["https:\/\/consulmar.moskout-scientific.com\/wp\/wp-content\/uploads\/2021\/01\/pexels-lex-photography-1109541-filtro-1536x1024.jpg",1536,1024,true],"2048x2048":["https:\/\/consulmar.moskout-scientific.com\/wp\/wp-content\/uploads\/2021\/01\/pexels-lex-photography-1109541-filtro-2048x1365.jpg",2048,1365,true],"illdy-blog-list":["https:\/\/consulmar.moskout-scientific.com\/wp\/wp-content\/uploads\/2021\/01\/pexels-lex-photography-1109541-filtro-750x500.jpg",750,500,true],"illdy-widget-recent-posts":["https:\/\/consulmar.moskout-scientific.com\/wp\/wp-content\/uploads\/2021\/01\/pexels-lex-photography-1109541-filtro-70x70.jpg",70,70,true],"illdy-blog-post-related-articles":["https:\/\/consulmar.moskout-scientific.com\/wp\/wp-content\/uploads\/2021\/01\/pexels-lex-photography-1109541-filtro-240x206.jpg",240,206,true],"illdy-front-page-latest-news":["https:\/\/consulmar.moskout-scientific.com\/wp\/wp-content\/uploads\/2021\/01\/pexels-lex-photography-1109541-filtro-250x213.jpg",250,213,true],"illdy-front-page-testimonials":["https:\/\/consulmar.moskout-scientific.com\/wp\/wp-content\/uploads\/2021\/01\/pexels-lex-photography-1109541-filtro-127x127.jpg",127,127,true],"illdy-front-page-projects":["https:\/\/consulmar.moskout-scientific.com\/wp\/wp-content\/uploads\/2021\/01\/pexels-lex-photography-1109541-filtro-476x476.jpg",476,476,true],"illdy-front-page-person":["https:\/\/consulmar.moskout-scientific.com\/wp\/wp-content\/uploads\/2021\/01\/pexels-lex-photography-1109541-filtro-125x125.jpg",125,125,true],"form-edit-image-preview":["https:\/\/consulmar.moskout-scientific.com\/wp\/wp-content\/uploads\/2021\/01\/pexels-lex-photography-1109541-filtro-174x116.jpg",174,116,true]},"post_excerpt_stackable_v2":"<p>PesquisarPesquisar A CONSULMAR presta servi\u00e7os de controlo e fiscaliza\u00e7\u00e3o de empreitadas, e gest\u00e3o de empreendimentos, para Projectos que n\u00e3o se restringem aos sectores onde desenvolve a sua actividade de consultoria. Para al\u00e9m de Portugal, incluindo as regi\u00f5es aut\u00f3nomas, a empresa tem capacidades permanentes instaladas para prestar estes servi\u00e7os em Angola, Mo\u00e7ambique e S. Tom\u00e9 e Pr\u00edncipe, podendo actuar ainda noutros mercados. A certifica\u00e7\u00e3o pela norma NP EN ISO 9001:2008 (actualmente NP EN ISO 9001:2015), que inclui, entre outras, as actividades de Fiscaliza\u00e7\u00e3o e Gest\u00e3o da Qualidade de Empreitadas e Coordena\u00e7\u00e3o de Seguran\u00e7a em Obra, bem como a qualifica\u00e7\u00e3o, desde 1992,&hellip;<\/p>\n","category_list_v2":"","author_info_v2":{"name":"adm-consulmar-1","url":"https:\/\/consulmar.moskout-scientific.com\/wp\/author\/adm-consulmar-1\/"},"comments_num_v2":"0 comments","uagb_featured_image_src":{"full":["https:\/\/consulmar.moskout-scientific.com\/wp\/wp-content\/uploads\/2021\/01\/pexels-lex-photography-1109541-filtro-scaled.jpg",2560,1707,false],"thumbnail":["https:\/\/consulmar.moskout-scientific.com\/wp\/wp-content\/uploads\/2021\/01\/pexels-lex-photography-1109541-filtro-150x150.jpg",150,150,true],"medium":["https:\/\/consulmar.moskout-scientific.com\/wp\/wp-content\/uploads\/2021\/01\/pexels-lex-photography-1109541-filtro-300x200.jpg",300,200,true],"medium_large":["https:\/\/consulmar.moskout-scientific.com\/wp\/wp-content\/uploads\/2021\/01\/pexels-lex-photography-1109541-filtro-768x512.jpg",640,427,true],"large":["https:\/\/consulmar.moskout-scientific.com\/wp\/wp-content\/uploads\/2021\/01\/pexels-lex-photography-1109541-filtro-1024x683.jpg",640,427,true],"1536x1536":["https:\/\/consulmar.moskout-scientific.com\/wp\/wp-content\/uploads\/2021\/01\/pexels-lex-photography-1109541-filtro-1536x1024.jpg",1536,1024,true],"2048x2048":["https:\/\/consulmar.moskout-scientific.com\/wp\/wp-content\/uploads\/2021\/01\/pexels-lex-photography-1109541-filtro-2048x1365.jpg",2048,1365,true],"illdy-blog-list":["https:\/\/consulmar.moskout-scientific.com\/wp\/wp-content\/uploads\/2021\/01\/pexels-lex-photography-1109541-filtro-750x500.jpg",750,500,true],"illdy-widget-recent-posts":["https:\/\/consulmar.moskout-scientific.com\/wp\/wp-content\/uploads\/2021\/01\/pexels-lex-photography-1109541-filtro-70x70.jpg",70,70,true],"illdy-blog-post-related-articles":["https:\/\/consulmar.moskout-scientific.com\/wp\/wp-content\/uploads\/2021\/01\/pexels-lex-photography-1109541-filtro-240x206.jpg",240,206,true],"illdy-front-page-latest-news":["https:\/\/consulmar.moskout-scientific.com\/wp\/wp-content\/uploads\/2021\/01\/pexels-lex-photography-1109541-filtro-250x213.jpg",250,213,true],"illdy-front-page-testimonials":["https:\/\/consulmar.moskout-scientific.com\/wp\/wp-content\/uploads\/2021\/01\/pexels-lex-photography-1109541-filtro-127x127.jpg",127,127,true],"illdy-front-page-projects":["https:\/\/consulmar.moskout-scientific.com\/wp\/wp-content\/uploads\/2021\/01\/pexels-lex-photography-1109541-filtro-476x476.jpg",476,476,true],"illdy-front-page-person":["https:\/\/consulmar.moskout-scientific.com\/wp\/wp-content\/uploads\/2021\/01\/pexels-lex-photography-1109541-filtro-125x125.jpg",125,125,true],"form-edit-image-preview":["https:\/\/consulmar.moskout-scientific.com\/wp\/wp-content\/uploads\/2021\/01\/pexels-lex-photography-1109541-filtro-174x116.jpg",174,116,true]},"uagb_author_info":{"display_name":"adm-consulmar-1","author_link":"https:\/\/consulmar.moskout-scientific.com\/wp\/author\/adm-consulmar-1\/"},"uagb_comment_info":0,"uagb_excerpt":"A CONSULMAR presta servi\u00e7os de controlo e fiscaliza\u00e7\u00e3o de empreitadas, e gest\u00e3o de empreendimentos, para Projectos que n\u00e3o se restringem aos sectores onde desenvolve a sua actividade de consultoria. Para al\u00e9m de Portugal, incluindo as regi\u00f5es aut\u00f3nomas, a empresa tem capacidades permanentes instaladas para prestar estes servi\u00e7os em Angola, Mo\u00e7ambique e S. Tom\u00e9 e Pr\u00edncipe,&hellip;","_links":{"self":[{"href":"https:\/\/consulmar.moskout-scientific.com\/wp\/wp-json\/wp\/v2\/pages\/1942"}],"collection":[{"href":"https:\/\/consulmar.moskout-scientific.com\/wp\/wp-json\/wp\/v2\/pages"}],"about":[{"href":"https:\/\/consulmar.moskout-scientific.com\/wp\/wp-json\/wp\/v2\/types\/page"}],"author":[{"embeddable":true,"href":"https:\/\/consulmar.moskout-scientific.com\/wp\/wp-json\/wp\/v2\/users\/1"}],"replies":[{"embeddable":true,"href":"https:\/\/consulmar.moskout-scientific.com\/wp\/wp-json\/wp\/v2\/comments?post=1942"}],"version-history":[{"count":6,"href":"https:\/\/consulmar.moskout-scientific.com\/wp\/wp-json\/wp\/v2\/pages\/1942\/revisions"}],"predecessor-version":[{"id":2082,"href":"https:\/\/consulmar.moskout-scientific.com\/wp\/wp-json\/wp\/v2\/pages\/1942\/revisions\/2082"}],"wp:featuredmedia":[{"embeddable":true,"href":"https:\/\/consulmar.moskout-scientific.com\/wp\/wp-json\/wp\/v2\/media\/439"}],"wp:attachment":[{"href":"https:\/\/consulmar.moskout-scientific.com\/wp\/wp-json\/wp\/v2\/media?parent=1942"}],"curies":[{"name":"wp","href":"https:\/\/api.w.org\/{rel}","templated":true}]}}