{"id":1879,"date":"2021-07-27T12:08:31","date_gmt":"2021-07-27T12:08:31","guid":{"rendered":"http:\/\/consulmar.moskout-scientific.com\/wp\/?page_id=1879"},"modified":"2021-08-09T15:23:27","modified_gmt":"2021-08-09T15:23:27","slug":"transporte-maritimo-e-desenvolvimento-portuario-2","status":"publish","type":"page","link":"https:\/\/consulmar.moskout-scientific.com\/wp\/transporte-maritimo-e-desenvolvimento-portuario-2\/","title":{"rendered":"Transporte Mar\u00edtimo e Desenvolvimento Portu\u00e1rio"},"content":{"rendered":"<form role=\"search\" method=\"get\" action=\"https:\/\/consulmar.moskout-scientific.com\/wp\/\" class=\"wp-block-search__button-outside wp-block-search__text-button montserrat wp-block-search\"    ><label class=\"wp-block-search__label screen-reader-text\" for=\"wp-block-search__input-1\" >Pesquisar<\/label><div class=\"wp-block-search__inside-wrapper \" ><input class=\"wp-block-search__input\" id=\"wp-block-search__input-1\" placeholder=\"\" value=\"\" type=\"search\" name=\"s\" required \/><button aria-label=\"Pesquisar\" class=\"wp-block-search__button wp-element-button\" type=\"submit\" >Pesquisar<\/button><\/div><\/form>\n\n\n<div style=\"height:30px\" aria-hidden=\"true\" class=\"wp-block-spacer\"><\/div>\n\n\n\n<p class=\"montserrat\"><strong>Vocacionados desde o in\u00edcio para a presta\u00e7\u00e3o de consultoria especializada de engenharia nas \u00e1reas ligadas ao sector portu\u00e1rio, ao longo dos anos fomos alargando o nosso campo de actividade ao dom\u00ednio mais amplo do sector dos transportes e log\u00edstica, compreendendo estudos e planeamento estrat\u00e9gico e projectos de infraestruturas aeroportu\u00e1rias, rodovi\u00e1rias, ferrovi\u00e1rias e multimodais.<\/strong><\/p>\n\n\n\n<h5 class=\"montserrat wp-block-heading\">Portos<\/h5>\n\n\n\n<p>A CONSULMAR \u00e9 a principal empresa de consultoria portuguesa no campo das infraestruturas portu\u00e1rias, hidr\u00e1ulica mar\u00edtima e engenharia costeira. Fundada em 1970, conta hoje com cerca de 100 colaboradores espalhados pelos seus diversos escrit\u00f3rios. A empresa tem uma vasta experi\u00eancia em todos os tipos de infraestruturas portu\u00e1rias \u2013 desde pequenos portos comerciais e portos de pesca, a grandes terminais especializados, de contentores, \u201cro-ro\u201d, de graneis s\u00f3lidos e l\u00edquidos, a terminais \u201cferry\u201d e de passageiros, bem como marinas e portos de recreio.<br>A CONSULMAR tem o \u201cknow-how\u201d e a experi\u00eancia para desenvolver todos os aspectos relacionados com este tipo de Projectos, dos estudos iniciais, de viabilidade t\u00e9cnico-econ\u00f3mica, planeamento (incluindo planeamento f\u00edsico e modela\u00e7\u00e3o matem\u00e1tica hidrodin\u00e2mica) aos projectos de execu\u00e7\u00e3o e prepara\u00e7\u00e3o dos processos de concurso \u2013 incluindo as obras mar\u00edtimas, civis, redes t\u00e9cnicas e equipamentos \u2013 e ainda \u00e0 fiscaliza\u00e7\u00e3o das obras. A empresa tem estado envolvida em estudos, projectos e fiscaliza\u00e7\u00e3o de obras em todos os principais portos de Portugal continental e arquip\u00e9lagos dos A\u00e7ores e da Madeira, e ainda em v\u00e1rios outros pa\u00edses e territ\u00f3rios, nomeadamente \u00c1frica do Sul, Angola, Arg\u00e9lia, Brasil, Cabo Verde, Espanha, Guin\u00e9 Bissau, Haiti, Macau, Marrocos, Martinica, Mo\u00e7ambique, S\u00e3o Tome e Pr\u00edncipe, Tun\u00edsia e Venezuela.<br>A CONSULMAR tem estado envolvida nos maiores e mais emblem\u00e1ticos estudos e projectos realizados na \u00e1rea portu\u00e1ria em Portugal, entre os quais se destacam o planeamento e projectos dos Portos de Sines (desde o seu in\u00edcio na d\u00e9cada de 70, incluindo terminais petroleiros para navios at\u00e9 1 000 000 DWT, de carv\u00e3o, para navios at\u00e9 190 000 DWT, e de LNG, para<\/p>\n\n\n\n<p class=\"montserrat\">navios at\u00e9 165 000 DWT) e de Aveiro (reestrutura\u00e7\u00e3o global do porto e constru\u00e7\u00e3o de novos terminais), o terminal Ro-Ro para a Ford-VW no Porto de Set\u00fabal, e a amplia\u00e7\u00e3o e aprofundamento dos principais terminais de contentores do Porto de Lisboa \u2013 entre muitos outros.<br>No estrangeiro, destaque, em Angola, para os estudos, projectos e fiscaliza\u00e7\u00e3o do plano de desenvolvimento integrado do sector das pescas (financiado pelo Fundo Koweit e BADEA, realizados nas d\u00e9cadas de 80 e 90), para os estudos e projectos do Porto de Longo Curso de Cabinda, para o estudo do novo terminal de contentores do Porto de Luanda; no Brasil, para a colabora\u00e7\u00e3o no projecto do novo porto mineraleiro do Pec\u00e9m, para os estudos de resolu\u00e7\u00e3o dos problemas de assoreamento do Porto de Fortaleza (Mucuripe) e para a colabora\u00e7\u00e3o nos planos de conting\u00eancia para 19 terminais petrol\u00edferos ao longo da costa do Brasil, realizados para a Petrobr\u00e1s \/ Transpetro; em Mo\u00e7ambique para diversos estudos e projectos para os principais portos e para a rede de portos secund\u00e1rios, financiados pelo Banco Mundial; na Venezuela para a amplia\u00e7\u00e3o \/ novo terminal de contentores do Porto de La Guaira, e em Marrocos para o novo Porto de Pesca de T\u00e2nger e para o novo Terminal de Cruzeiros do Porto de Casablanca.<br>Desenvolvemos estudos de hidrodin\u00e2mica e movimenta\u00e7\u00e3o de sedimentos, an\u00e1lise da evolu\u00e7\u00e3o fisiogr\u00e1fica e diagn\u00f3stico das suas causas.&nbsp; Propomos solu\u00e7\u00f5es e elaboramos projectos para problemas como a eros\u00e3o costeira, o assoreamento&nbsp; de infraestruturas, e para a protec\u00e7\u00e3o contra as cheias ou inunda\u00e7\u00f5es (fluviais ou mar\u00edtimas), a recupera\u00e7\u00e3o de zonas degradadas e para o aproveitamento ou potencia\u00e7\u00e3o das condi\u00e7\u00f5es de frui\u00e7\u00e3o do litoral.<\/p>\n","protected":false},"excerpt":{"rendered":"<p>Vocacionados desde o in\u00edcio para a presta\u00e7\u00e3o de consultoria especializada de engenharia nas \u00e1reas ligadas ao sector portu\u00e1rio, ao longo dos anos fomos alargando o nosso campo de actividade ao dom\u00ednio mais amplo do sector dos transportes e log\u00edstica, compreendendo estudos e planeamento estrat\u00e9gico e projectos de infraestruturas aeroportu\u00e1rias, rodovi\u00e1rias, ferrovi\u00e1rias e multimodais. Portos A [&hellip;]<\/p>\n","protected":false},"author":1,"featured_media":402,"parent":0,"menu_order":0,"comment_status":"closed","ping_status":"closed","template":"page-templates\/no-sidebar.php","meta":{"_uag_custom_page_level_css":"","_monsterinsights_skip_tracking":false,"_monsterinsights_sitenote_active":false,"_monsterinsights_sitenote_note":"","_monsterinsights_sitenote_category":0,"footnotes":""},"featured_image_urls":{"full":["https:\/\/consulmar.moskout-scientific.com\/wp\/wp-content\/uploads\/2021\/01\/pexels-tom-fisk-3057960-filtro-scaled.jpg",2560,1689,false],"thumbnail":["https:\/\/consulmar.moskout-scientific.com\/wp\/wp-content\/uploads\/2021\/01\/pexels-tom-fisk-3057960-filtro-150x150.jpg",150,150,true],"medium":["https:\/\/consulmar.moskout-scientific.com\/wp\/wp-content\/uploads\/2021\/01\/pexels-tom-fisk-3057960-filtro-300x198.jpg",300,198,true],"medium_large":["https:\/\/consulmar.moskout-scientific.com\/wp\/wp-content\/uploads\/2021\/01\/pexels-tom-fisk-3057960-filtro-768x507.jpg",640,423,true],"large":["https:\/\/consulmar.moskout-scientific.com\/wp\/wp-content\/uploads\/2021\/01\/pexels-tom-fisk-3057960-filtro-1024x675.jpg",640,422,true],"1536x1536":["https:\/\/consulmar.moskout-scientific.com\/wp\/wp-content\/uploads\/2021\/01\/pexels-tom-fisk-3057960-filtro-1536x1013.jpg",1536,1013,true],"2048x2048":["https:\/\/consulmar.moskout-scientific.com\/wp\/wp-content\/uploads\/2021\/01\/pexels-tom-fisk-3057960-filtro-2048x1351.jpg",2048,1351,true],"illdy-blog-list":["https:\/\/consulmar.moskout-scientific.com\/wp\/wp-content\/uploads\/2021\/01\/pexels-tom-fisk-3057960-filtro-750x500.jpg",750,500,true],"illdy-widget-recent-posts":["https:\/\/consulmar.moskout-scientific.com\/wp\/wp-content\/uploads\/2021\/01\/pexels-tom-fisk-3057960-filtro-70x70.jpg",70,70,true],"illdy-blog-post-related-articles":["https:\/\/consulmar.moskout-scientific.com\/wp\/wp-content\/uploads\/2021\/01\/pexels-tom-fisk-3057960-filtro-240x206.jpg",240,206,true],"illdy-front-page-latest-news":["https:\/\/consulmar.moskout-scientific.com\/wp\/wp-content\/uploads\/2021\/01\/pexels-tom-fisk-3057960-filtro-250x213.jpg",250,213,true],"illdy-front-page-testimonials":["https:\/\/consulmar.moskout-scientific.com\/wp\/wp-content\/uploads\/2021\/01\/pexels-tom-fisk-3057960-filtro-127x127.jpg",127,127,true],"illdy-front-page-projects":["https:\/\/consulmar.moskout-scientific.com\/wp\/wp-content\/uploads\/2021\/01\/pexels-tom-fisk-3057960-filtro-476x476.jpg",476,476,true],"illdy-front-page-person":["https:\/\/consulmar.moskout-scientific.com\/wp\/wp-content\/uploads\/2021\/01\/pexels-tom-fisk-3057960-filtro-125x125.jpg",125,125,true],"form-edit-image-preview":["https:\/\/consulmar.moskout-scientific.com\/wp\/wp-content\/uploads\/2021\/01\/pexels-tom-fisk-3057960-filtro-176x116.jpg",176,116,true]},"post_excerpt_stackable":"<p>PesquisarPesquisar Vocacionados desde o in\u00edcio para a presta\u00e7\u00e3o de consultoria especializada de engenharia nas \u00e1reas ligadas ao sector portu\u00e1rio, ao longo dos anos fomos alargando o nosso campo de actividade ao dom\u00ednio mais amplo do sector dos transportes e log\u00edstica, compreendendo estudos e planeamento estrat\u00e9gico e projectos de infraestruturas aeroportu\u00e1rias, rodovi\u00e1rias, ferrovi\u00e1rias e multimodais. Portos A CONSULMAR \u00e9 a principal empresa de consultoria portuguesa no campo das infraestruturas portu\u00e1rias, hidr\u00e1ulica mar\u00edtima e engenharia costeira. Fundada em 1970, conta hoje com cerca de 100 colaboradores espalhados pelos seus diversos escrit\u00f3rios. A empresa tem uma vasta experi\u00eancia em todos os tipos de&hellip;<\/p>\n","category_list":"","author_info":{"name":"adm-consulmar-1","url":"https:\/\/consulmar.moskout-scientific.com\/wp\/author\/adm-consulmar-1\/"},"comments_num":"0 comments","featured_image_urls_v2":{"full":["https:\/\/consulmar.moskout-scientific.com\/wp\/wp-content\/uploads\/2021\/01\/pexels-tom-fisk-3057960-filtro-scaled.jpg",2560,1689,false],"thumbnail":["https:\/\/consulmar.moskout-scientific.com\/wp\/wp-content\/uploads\/2021\/01\/pexels-tom-fisk-3057960-filtro-150x150.jpg",150,150,true],"medium":["https:\/\/consulmar.moskout-scientific.com\/wp\/wp-content\/uploads\/2021\/01\/pexels-tom-fisk-3057960-filtro-300x198.jpg",300,198,true],"medium_large":["https:\/\/consulmar.moskout-scientific.com\/wp\/wp-content\/uploads\/2021\/01\/pexels-tom-fisk-3057960-filtro-768x507.jpg",640,423,true],"large":["https:\/\/consulmar.moskout-scientific.com\/wp\/wp-content\/uploads\/2021\/01\/pexels-tom-fisk-3057960-filtro-1024x675.jpg",640,422,true],"1536x1536":["https:\/\/consulmar.moskout-scientific.com\/wp\/wp-content\/uploads\/2021\/01\/pexels-tom-fisk-3057960-filtro-1536x1013.jpg",1536,1013,true],"2048x2048":["https:\/\/consulmar.moskout-scientific.com\/wp\/wp-content\/uploads\/2021\/01\/pexels-tom-fisk-3057960-filtro-2048x1351.jpg",2048,1351,true],"illdy-blog-list":["https:\/\/consulmar.moskout-scientific.com\/wp\/wp-content\/uploads\/2021\/01\/pexels-tom-fisk-3057960-filtro-750x500.jpg",750,500,true],"illdy-widget-recent-posts":["https:\/\/consulmar.moskout-scientific.com\/wp\/wp-content\/uploads\/2021\/01\/pexels-tom-fisk-3057960-filtro-70x70.jpg",70,70,true],"illdy-blog-post-related-articles":["https:\/\/consulmar.moskout-scientific.com\/wp\/wp-content\/uploads\/2021\/01\/pexels-tom-fisk-3057960-filtro-240x206.jpg",240,206,true],"illdy-front-page-latest-news":["https:\/\/consulmar.moskout-scientific.com\/wp\/wp-content\/uploads\/2021\/01\/pexels-tom-fisk-3057960-filtro-250x213.jpg",250,213,true],"illdy-front-page-testimonials":["https:\/\/consulmar.moskout-scientific.com\/wp\/wp-content\/uploads\/2021\/01\/pexels-tom-fisk-3057960-filtro-127x127.jpg",127,127,true],"illdy-front-page-projects":["https:\/\/consulmar.moskout-scientific.com\/wp\/wp-content\/uploads\/2021\/01\/pexels-tom-fisk-3057960-filtro-476x476.jpg",476,476,true],"illdy-front-page-person":["https:\/\/consulmar.moskout-scientific.com\/wp\/wp-content\/uploads\/2021\/01\/pexels-tom-fisk-3057960-filtro-125x125.jpg",125,125,true],"form-edit-image-preview":["https:\/\/consulmar.moskout-scientific.com\/wp\/wp-content\/uploads\/2021\/01\/pexels-tom-fisk-3057960-filtro-176x116.jpg",176,116,true]},"post_excerpt_stackable_v2":"<p>PesquisarPesquisar Vocacionados desde o in\u00edcio para a presta\u00e7\u00e3o de consultoria especializada de engenharia nas \u00e1reas ligadas ao sector portu\u00e1rio, ao longo dos anos fomos alargando o nosso campo de actividade ao dom\u00ednio mais amplo do sector dos transportes e log\u00edstica, compreendendo estudos e planeamento estrat\u00e9gico e projectos de infraestruturas aeroportu\u00e1rias, rodovi\u00e1rias, ferrovi\u00e1rias e multimodais. Portos A CONSULMAR \u00e9 a principal empresa de consultoria portuguesa no campo das infraestruturas portu\u00e1rias, hidr\u00e1ulica mar\u00edtima e engenharia costeira. Fundada em 1970, conta hoje com cerca de 100 colaboradores espalhados pelos seus diversos escrit\u00f3rios. A empresa tem uma vasta experi\u00eancia em todos os tipos de&hellip;<\/p>\n","category_list_v2":"","author_info_v2":{"name":"adm-consulmar-1","url":"https:\/\/consulmar.moskout-scientific.com\/wp\/author\/adm-consulmar-1\/"},"comments_num_v2":"0 comments","uagb_featured_image_src":{"full":["https:\/\/consulmar.moskout-scientific.com\/wp\/wp-content\/uploads\/2021\/01\/pexels-tom-fisk-3057960-filtro-scaled.jpg",2560,1689,false],"thumbnail":["https:\/\/consulmar.moskout-scientific.com\/wp\/wp-content\/uploads\/2021\/01\/pexels-tom-fisk-3057960-filtro-150x150.jpg",150,150,true],"medium":["https:\/\/consulmar.moskout-scientific.com\/wp\/wp-content\/uploads\/2021\/01\/pexels-tom-fisk-3057960-filtro-300x198.jpg",300,198,true],"medium_large":["https:\/\/consulmar.moskout-scientific.com\/wp\/wp-content\/uploads\/2021\/01\/pexels-tom-fisk-3057960-filtro-768x507.jpg",640,423,true],"large":["https:\/\/consulmar.moskout-scientific.com\/wp\/wp-content\/uploads\/2021\/01\/pexels-tom-fisk-3057960-filtro-1024x675.jpg",640,422,true],"1536x1536":["https:\/\/consulmar.moskout-scientific.com\/wp\/wp-content\/uploads\/2021\/01\/pexels-tom-fisk-3057960-filtro-1536x1013.jpg",1536,1013,true],"2048x2048":["https:\/\/consulmar.moskout-scientific.com\/wp\/wp-content\/uploads\/2021\/01\/pexels-tom-fisk-3057960-filtro-2048x1351.jpg",2048,1351,true],"illdy-blog-list":["https:\/\/consulmar.moskout-scientific.com\/wp\/wp-content\/uploads\/2021\/01\/pexels-tom-fisk-3057960-filtro-750x500.jpg",750,500,true],"illdy-widget-recent-posts":["https:\/\/consulmar.moskout-scientific.com\/wp\/wp-content\/uploads\/2021\/01\/pexels-tom-fisk-3057960-filtro-70x70.jpg",70,70,true],"illdy-blog-post-related-articles":["https:\/\/consulmar.moskout-scientific.com\/wp\/wp-content\/uploads\/2021\/01\/pexels-tom-fisk-3057960-filtro-240x206.jpg",240,206,true],"illdy-front-page-latest-news":["https:\/\/consulmar.moskout-scientific.com\/wp\/wp-content\/uploads\/2021\/01\/pexels-tom-fisk-3057960-filtro-250x213.jpg",250,213,true],"illdy-front-page-testimonials":["https:\/\/consulmar.moskout-scientific.com\/wp\/wp-content\/uploads\/2021\/01\/pexels-tom-fisk-3057960-filtro-127x127.jpg",127,127,true],"illdy-front-page-projects":["https:\/\/consulmar.moskout-scientific.com\/wp\/wp-content\/uploads\/2021\/01\/pexels-tom-fisk-3057960-filtro-476x476.jpg",476,476,true],"illdy-front-page-person":["https:\/\/consulmar.moskout-scientific.com\/wp\/wp-content\/uploads\/2021\/01\/pexels-tom-fisk-3057960-filtro-125x125.jpg",125,125,true],"form-edit-image-preview":["https:\/\/consulmar.moskout-scientific.com\/wp\/wp-content\/uploads\/2021\/01\/pexels-tom-fisk-3057960-filtro-176x116.jpg",176,116,true]},"uagb_author_info":{"display_name":"adm-consulmar-1","author_link":"https:\/\/consulmar.moskout-scientific.com\/wp\/author\/adm-consulmar-1\/"},"uagb_comment_info":0,"uagb_excerpt":"Vocacionados desde o in\u00edcio para a presta\u00e7\u00e3o de consultoria especializada de engenharia nas \u00e1reas ligadas ao sector portu\u00e1rio, ao longo dos anos fomos alargando o nosso campo de actividade ao dom\u00ednio mais amplo do sector dos transportes e log\u00edstica, compreendendo estudos e planeamento estrat\u00e9gico e projectos de infraestruturas aeroportu\u00e1rias, rodovi\u00e1rias, ferrovi\u00e1rias e multimodais. Portos A&hellip;","_links":{"self":[{"href":"https:\/\/consulmar.moskout-scientific.com\/wp\/wp-json\/wp\/v2\/pages\/1879"}],"collection":[{"href":"https:\/\/consulmar.moskout-scientific.com\/wp\/wp-json\/wp\/v2\/pages"}],"about":[{"href":"https:\/\/consulmar.moskout-scientific.com\/wp\/wp-json\/wp\/v2\/types\/page"}],"author":[{"embeddable":true,"href":"https:\/\/consulmar.moskout-scientific.com\/wp\/wp-json\/wp\/v2\/users\/1"}],"replies":[{"embeddable":true,"href":"https:\/\/consulmar.moskout-scientific.com\/wp\/wp-json\/wp\/v2\/comments?post=1879"}],"version-history":[{"count":6,"href":"https:\/\/consulmar.moskout-scientific.com\/wp\/wp-json\/wp\/v2\/pages\/1879\/revisions"}],"predecessor-version":[{"id":2242,"href":"https:\/\/consulmar.moskout-scientific.com\/wp\/wp-json\/wp\/v2\/pages\/1879\/revisions\/2242"}],"wp:featuredmedia":[{"embeddable":true,"href":"https:\/\/consulmar.moskout-scientific.com\/wp\/wp-json\/wp\/v2\/media\/402"}],"wp:attachment":[{"href":"https:\/\/consulmar.moskout-scientific.com\/wp\/wp-json\/wp\/v2\/media?parent=1879"}],"curies":[{"name":"wp","href":"https:\/\/api.w.org\/{rel}","templated":true}]}}